{"id":160,"date":"2024-07-30T09:08:54","date_gmt":"2024-07-30T07:08:54","guid":{"rendered":"https:\/\/saplac.clients-compresso.ch\/startseite\/"},"modified":"2024-08-26T13:54:39","modified_gmt":"2024-08-26T11:54:39","slug":"startseite","status":"publish","type":"page","link":"https:\/\/saplac.ch\/de\/","title":{"rendered":"Startseite"},"content":{"rendered":"\n<div class=\"wp-block-group alignfull has-accent-background-color has-background has-global-padding is-layout-constrained wp-container-core-group-is-layout-669513ed wp-block-group-is-layout-constrained\" style=\"margin-top:0;margin-bottom:0;padding-top:var(--wp--preset--spacing--50);padding-right:var(--wp--preset--spacing--50);padding-bottom:var(--wp--preset--spacing--50);padding-left:var(--wp--preset--spacing--50)\">\n<div class=\"wp-block-columns alignwide is-layout-flex wp-container-core-columns-is-layout-1da03c2a wp-block-columns-is-layout-flex\">\n<div class=\"wp-block-column is-vertically-aligned-stretch is-layout-flow wp-block-column-is-layout-flow\" style=\"flex-basis:50%\">\n<div class=\"wp-block-group is-vertical is-content-justification-stretch is-layout-flex wp-container-core-group-is-layout-444d5ee8 wp-block-group-is-layout-flex\" style=\"min-height:100%\">\n<p class=\"has-x-large-font-size\" style=\"line-height:1.2\">Saplac SA bietet seine Dienstleistungen einer Vielzahl von Hotelbetreibern, haupts\u00e4chlich in der Schweiz, an.\nVon der Suche nach spezifischen Produkten bis hin zur Projekt\u00fcberwachung gehen wir auf die Bed\u00fcrfnisse der Hoteliers ein. <\/p>\n\n\n\n<div class=\"wp-block-group has-global-padding is-content-justification-left is-layout-constrained wp-container-core-group-is-layout-9fe8ed88 wp-block-group-is-layout-constrained\">\n<div class=\"wp-block-buttons is-layout-flex wp-block-buttons-is-layout-flex\">\n<div class=\"wp-block-button\"><a class=\"wp-block-button__link wp-element-button\" href=\"https:\/\/saplac.ch\/de\/?page_id=162\">\u00dcber uns<\/a><\/div>\n<\/div>\n<\/div>\n<\/div>\n<\/div>\n\n\n\n<div class=\"wp-block-column is-vertically-aligned-center is-layout-flow wp-block-column-is-layout-flow\" style=\"flex-basis:50%\">\n<figure class=\"wp-block-image size-large is-style-rounded is-style-rounded--1\"><img decoding=\"async\" src=\"https:\/\/saplac.ch\/wp-content\/themes\/twentytwentyfour\/assets\/images\/museum.webp\" alt=\"Eine Rampe entlang einer gebogenen Wand im Kiasma-Museum, Helsinki, Finnland\" style=\"aspect-ratio:3\/4;object-fit:cover\"\/><\/figure>\n<\/div>\n<\/div>\n<\/div>\n\n<div class=\"wp-block-group alignwide is-layout-flow wp-block-group-is-layout-flow\">\n<div class=\"wp-block-media-text alignwide is-stacked-on-mobile is-vertically-aligned-center is-image-fill\" style=\"padding-top:var(--wp--preset--spacing--30);padding-bottom:var(--wp--preset--spacing--30)\"><figure class=\"wp-block-media-text__media\" style=\"background-image:url(https:\/\/saplac.ch\/wp-content\/uploads\/2024\/08\/nik-lanus-YMOHw3F1Hdk-unsplash-1024x683.jpg);background-position:50% 50%\"><img loading=\"lazy\" decoding=\"async\" width=\"1024\" height=\"683\" src=\"https:\/\/saplac.ch\/wp-content\/uploads\/2024\/08\/nik-lanus-YMOHw3F1Hdk-unsplash-1024x683.jpg\" alt=\"\" class=\"wp-image-107 size-full\" srcset=\"https:\/\/saplac.ch\/wp-content\/uploads\/2024\/08\/nik-lanus-YMOHw3F1Hdk-unsplash-1024x683.jpg 1024w, https:\/\/saplac.ch\/wp-content\/uploads\/2024\/08\/nik-lanus-YMOHw3F1Hdk-unsplash-300x200.jpg 300w, https:\/\/saplac.ch\/wp-content\/uploads\/2024\/08\/nik-lanus-YMOHw3F1Hdk-unsplash-768x512.jpg 768w, https:\/\/saplac.ch\/wp-content\/uploads\/2024\/08\/nik-lanus-YMOHw3F1Hdk-unsplash-1536x1024.jpg 1536w, https:\/\/saplac.ch\/wp-content\/uploads\/2024\/08\/nik-lanus-YMOHw3F1Hdk-unsplash.jpg 1920w\" sizes=\"auto, (max-width: 1024px) 100vw, 1024px\" \/><\/figure><div class=\"wp-block-media-text__content\">\n<h2 class=\"wp-block-heading has-text-color\" style=\"color:#000000;font-size:clamp(20px, 1.25rem + ((1vw - 3.2px) * 1.25), 32px);\"><strong>Produkte<\/strong><\/h2>\n\n\n\n<p class=\"has-text-color\" style=\"color:#000000;font-size:clamp(14px, 0.875rem + ((1vw - 3.2px) * 0.313), 17px);\">Vom Regenschirm bis zum Computersystem, wir finden das Produkt, das Sie suchen.<\/p>\n\n\n\n<div class=\"wp-block-buttons is-layout-flex wp-block-buttons-is-layout-flex\">\n<div class=\"wp-block-button is-style-fill\"><a class=\"wp-block-button__link wp-element-button\" href=\"https:\/\/saplac.ch\/de\/?page_id=161\">Produkte<\/a><\/div>\n<\/div>\n<\/div><\/div>\n\n\n\n<div class=\"wp-block-media-text alignwide has-media-on-the-right is-stacked-on-mobile is-vertically-aligned-center is-image-fill\" style=\"padding-top:var(--wp--preset--spacing--30);padding-bottom:var(--wp--preset--spacing--30)\"><div class=\"wp-block-media-text__content\">\n<h2 class=\"wp-block-heading has-text-color\" style=\"color:#000000;font-size:clamp(20px, 1.25rem + ((1vw - 3.2px) * 1.25), 32px);\"><strong>Geschichte<\/strong><\/h2>\n\n\n\n<p class=\"has-text-color\" style=\"color:#000000;font-size:clamp(14px, 0.875rem + ((1vw - 3.2px) * 0.313), 17px);\">SAPLAC SA wurde 1932 gegr\u00fcndet und kann auf eine fast 100-j\u00e4hrige Geschichte zur\u00fcckblicken.\nF\u00fcr weitere Informationen klicken Sie bitte hier. <\/p>\n\n\n\n<div class=\"wp-block-buttons is-layout-flex wp-block-buttons-is-layout-flex\">\n<div class=\"wp-block-button is-style-fill\"><a class=\"wp-block-button__link wp-element-button\" href=\"https:\/\/saplac.ch\/de\/?page_id=157\">Geschichte<\/a><\/div>\n<\/div>\n<\/div><figure class=\"wp-block-media-text__media\" style=\"background-image:url(https:\/\/saplac.ch\/wp-content\/uploads\/2024\/08\/Saplac-Telephone-modified-1024x857.png);background-position:50% 50%\"><img loading=\"lazy\" decoding=\"async\" width=\"1024\" height=\"857\" src=\"https:\/\/saplac.ch\/wp-content\/uploads\/2024\/08\/Saplac-Telephone-modified-1024x857.png\" alt=\"\" class=\"wp-image-125 size-full\" srcset=\"https:\/\/saplac.ch\/wp-content\/uploads\/2024\/08\/Saplac-Telephone-modified-1024x857.png 1024w, https:\/\/saplac.ch\/wp-content\/uploads\/2024\/08\/Saplac-Telephone-modified-300x251.png 300w, https:\/\/saplac.ch\/wp-content\/uploads\/2024\/08\/Saplac-Telephone-modified-768x643.png 768w, https:\/\/saplac.ch\/wp-content\/uploads\/2024\/08\/Saplac-Telephone-modified.png 1316w\" sizes=\"auto, (max-width: 1024px) 100vw, 1024px\" \/><\/figure><\/div>\n<\/div>\n\n<div class=\"wp-block-group alignfull has-accent-5-background-color has-background has-global-padding is-layout-constrained wp-container-core-group-is-layout-d89aad35 wp-block-group-is-layout-constrained\" style=\"margin-top:0;margin-bottom:0;padding-top:var(--wp--preset--spacing--50);padding-right:var(--wp--preset--spacing--50);padding-bottom:var(--wp--preset--spacing--50);padding-left:var(--wp--preset--spacing--50)\">\n<div class=\"wp-block-columns alignwide is-layout-flex wp-container-core-columns-is-layout-1da03c2a wp-block-columns-is-layout-flex\">\n<div class=\"wp-block-column is-vertically-aligned-center is-layout-flow wp-block-column-is-layout-flow\" style=\"flex-basis:60%\">\n<figure class=\"wp-block-image size-full is-style-rounded wp-duotone-duotone-1 is-style-rounded--2\"><img decoding=\"async\" src=\"https:\/\/saplac.ch\/wp-content\/themes\/twentytwentyfour\/assets\/images\/abstract-geometric-art.webp\" alt=\"Wei&#xDF;es abstraktes geometrisches Kunstwerk aus Dresden, Deutschland\" style=\"aspect-ratio:4\/3;object-fit:cover\"\/><\/figure>\n<\/div>\n\n\n\n<div class=\"wp-block-column is-layout-flow wp-block-column-is-layout-flow\" style=\"flex-basis:40%\">\n<h2 class=\"wp-block-heading\">\u00dcberwachung und Umsetzung von Projekten<\/h2>\n\n\n\n<p>Kontaktieren Sie uns unverz\u00fcglich, um Ihre Bed\u00fcrfnisse zu schildern.\nWir werden sicher eine L\u00f6sung f\u00fcr Sie finden. <\/p>\n\n\n\n<div class=\"wp-block-buttons is-layout-flex wp-block-buttons-is-layout-flex\">\n<div class=\"wp-block-button\"><a class=\"wp-block-button__link wp-element-button\" href=\"https:\/\/saplac.ch\/de\/?page_id=162\">Kontakt<\/a><\/div>\n<\/div>\n<\/div>\n<\/div>\n<\/div>\n","protected":false},"excerpt":{"rendered":"<p>Saplac SA bietet seine Dienstleistungen einer Vielzahl von Hotelbetreibern, haupts\u00e4chlich in der Schweiz, an. Von der Suche nach spezifischen Produkten bis hin zur Projekt\u00fcberwachung gehen wir auf die Bed\u00fcrfnisse der Hoteliers ein. Produkte Vom Regenschirm bis zum Computersystem, wir finden das Produkt, das Sie suchen. Geschichte SAPLAC SA wurde 1932 gegr\u00fcndet und kann auf eine [&hellip;]<\/p>\n","protected":false},"author":1,"featured_media":0,"parent":0,"menu_order":0,"comment_status":"closed","ping_status":"closed","template":"page-no-title","meta":{"_seopress_robots_primary_cat":"","_seopress_titles_title":"Dienstleistungen f\u00fcr Hoteliers in der Schweiz - Saplac SA","_seopress_titles_desc":"Saplac SA erf\u00fcllt die Bed\u00fcrfnisse der Hoteliers in der Schweiz: spezifische Produkte, Projektbetreuung und mehr.\nKontaktieren Sie uns jetzt! ","_seopress_robots_index":"","_seopress_analysis_target_kw":"","footnotes":""},"class_list":["post-160","page","type-page","status-publish","hentry"],"_links":{"self":[{"href":"https:\/\/saplac.ch\/de\/wp-json\/wp\/v2\/pages\/160","targetHints":{"allow":["GET"]}}],"collection":[{"href":"https:\/\/saplac.ch\/de\/wp-json\/wp\/v2\/pages"}],"about":[{"href":"https:\/\/saplac.ch\/de\/wp-json\/wp\/v2\/types\/page"}],"author":[{"embeddable":true,"href":"https:\/\/saplac.ch\/de\/wp-json\/wp\/v2\/users\/1"}],"replies":[{"embeddable":true,"href":"https:\/\/saplac.ch\/de\/wp-json\/wp\/v2\/comments?post=160"}],"version-history":[{"count":4,"href":"https:\/\/saplac.ch\/de\/wp-json\/wp\/v2\/pages\/160\/revisions"}],"predecessor-version":[{"id":194,"href":"https:\/\/saplac.ch\/de\/wp-json\/wp\/v2\/pages\/160\/revisions\/194"}],"wp:attachment":[{"href":"https:\/\/saplac.ch\/de\/wp-json\/wp\/v2\/media?parent=160"}],"curies":[{"name":"wp","href":"https:\/\/api.w.org\/{rel}","templated":true}]}}