{"id":161,"date":"2024-07-30T11:23:12","date_gmt":"2024-07-30T09:23:12","guid":{"rendered":"https:\/\/saplac.clients-compresso.ch\/produkte\/"},"modified":"2024-08-26T13:52:11","modified_gmt":"2024-08-26T11:52:11","slug":"produkte","status":"publish","type":"page","link":"https:\/\/saplac.ch\/de\/produkte\/","title":{"rendered":"Produkte"},"content":{"rendered":"\n<div class=\"wp-block-group alignfull has-accent-2-background-color has-background has-global-padding is-layout-constrained wp-container-core-group-is-layout-669513ed wp-block-group-is-layout-constrained\" style=\"margin-top:0;margin-bottom:0;padding-top:var(--wp--preset--spacing--50);padding-right:var(--wp--preset--spacing--50);padding-bottom:var(--wp--preset--spacing--50);padding-left:var(--wp--preset--spacing--50)\">\n<div class=\"wp-block-columns alignwide is-layout-flex wp-container-core-columns-is-layout-28f84493 wp-block-columns-is-layout-flex\">\n<div class=\"wp-block-column is-layout-flow wp-block-column-is-layout-flow\" style=\"flex-basis:40%\">\n<h2 class=\"wp-block-heading\">Hotelbedarf (Regenschirme, Kleiderb\u00fcgel, W\u00e4sches\u00e4cke&#8230;)<\/h2>\n<\/div>\n\n\n\n<div class=\"wp-block-column is-layout-flow wp-block-column-is-layout-flow\" style=\"flex-basis:60%\">\n<p style=\"font-size:clamp(0.875rem, 0.875rem + ((1vw - 0.2rem) * 0.625), 1.25rem);font-style:normal;font-weight:300;line-height:1.2\">Saplac SA bietet seine Dienstleistungen zahlreichen Hotelbetreibern vor allem in der Schweiz an.\nVon der Suche nach spezifischen Produkten bis hin zur Projekt\u00fcberwachung stehen wir den Hoteliers zur Verf\u00fcgung. <\/p>\n\n\n\n<p style=\"font-size:clamp(0.875rem, 0.875rem + ((1vw - 0.2rem) * 0.625), 1.25rem);font-style:normal;font-weight:300;line-height:1.2\">Entdecken Sie unser umfangreiches Sortiment an Hotelbedarf, das speziell auf die Bed\u00fcrfnisse Ihrer G\u00e4ste zugeschnitten ist.\nUnsere Regenschirme, Kleiderb\u00fcgel und W\u00e4sches\u00e4cke bestechen durch ihre erstklassige Qualit\u00e4t und Langlebigkeit.   <\/p>\n<\/div>\n<\/div>\n\n\n\n<div style=\"height:var(--wp--preset--spacing--40)\" aria-hidden=\"true\" class=\"wp-block-spacer\"><\/div>\n\n\n\n<figure class=\"wp-block-image alignwide size-large is-style-rounded is-style-rounded--1\"><img decoding=\"async\" src=\"https:\/\/saplac.ch\/wp-content\/themes\/twentytwentyfour\/assets\/images\/hotel-facade.webp\" alt=\"Hyatt Regency San Francisco, San Francisco, Vereinigte Staaten\"\/><\/figure>\n<\/div>\n\n<div class=\"wp-block-group alignfull has-base-background-color has-background has-global-padding is-layout-constrained wp-container-core-group-is-layout-d89aad35 wp-block-group-is-layout-constrained\" style=\"margin-top:0;margin-bottom:0;padding-top:var(--wp--preset--spacing--50);padding-right:var(--wp--preset--spacing--50);padding-bottom:var(--wp--preset--spacing--50);padding-left:var(--wp--preset--spacing--50)\">\n<div class=\"wp-block-columns alignwide is-layout-flex wp-container-core-columns-is-layout-549b0c86 wp-block-columns-is-layout-flex\">\n<div class=\"wp-block-column has-global-padding is-content-justification-left is-layout-constrained wp-container-core-column-is-layout-4f15e8fe wp-block-column-is-layout-constrained\" style=\"flex-basis:40%\">\n<p><\/p>\n<\/div>\n\n\n\n<div class=\"wp-block-column is-layout-flow wp-container-core-column-is-layout-119bc444 wp-block-column-is-layout-flow\" style=\"flex-basis:60%\">\n<p class=\"has-heading-font-family has-x-large-font-size\" style=\"line-height:1.2\"><br\/><strong>Zimmersafes<\/strong><\/p>\n\n\n\n<div class=\"wp-block-columns is-layout-flex wp-container-core-columns-is-layout-87beb0d0 wp-block-columns-is-layout-flex\">\n<div class=\"wp-block-column is-layout-flow wp-block-column-is-layout-flow\">\n<p class=\"wp-container-content-9cfa9a5a\">Unsere Schliessf\u00e4cher f\u00fcr Zimmer bieten Ihren G\u00e4sten ein H\u00f6chstmass an Sicherheit und Komfort. Sie sind aus hochwertigen Materialien gefertigt und garantieren eine lange Lebensdauer und zuverl\u00e4ssige Funktionalit\u00e4t. <\/p>\n<\/div>\n\n\n\n<div class=\"wp-block-column is-layout-flow wp-block-column-is-layout-flow\">\n<p>Dank unserer langj\u00e4hrigen Erfahrung und unseres Engagements f\u00fcr h\u00f6chste Qualit\u00e4t k\u00f6nnen wir Ihnen Produkte anbieten, die durch ihre Langlebigkeit und Zuverl\u00e4ssigkeit \u00fcberzeugen.<\/p>\n<\/div>\n<\/div>\n<\/div>\n<\/div>\n<\/div>\n\n<div class=\"wp-block-cover alignfull has-parallax\" style=\"padding-top:var(--wp--preset--spacing--50);padding-right:var(--wp--preset--spacing--50);padding-bottom:var(--wp--preset--spacing--50);padding-left:var(--wp--preset--spacing--50);min-height:100vh;aspect-ratio:unset;\"><span aria-hidden=\"true\" class=\"wp-block-cover__background has-base-background-color has-background-dim-0 has-background-dim\"><\/span><div class=\"wp-block-cover__image-background wp-image-32 has-parallax\" style=\"background-position:50% 50%;background-image:url(https:\/\/saplac.ch\/wp-content\/uploads\/2024\/07\/wall-safe-1044168_1920.jpg)\"><\/div><div class=\"wp-block-cover__inner-container has-global-padding is-layout-constrained wp-container-core-cover-is-layout-e4fd886c wp-block-cover-is-layout-constrained\">\n<div style=\"height:500px\" aria-hidden=\"true\" class=\"wp-block-spacer\"><\/div>\n<\/div><\/div>\n\n<div class=\"wp-block-group alignfull has-base-2-background-color has-background has-global-padding is-layout-constrained wp-container-core-group-is-layout-7cd14b77 wp-block-group-is-layout-constrained\" style=\"margin-top:0;margin-bottom:0;padding-top:var(--wp--preset--spacing--60);padding-right:var(--wp--preset--spacing--60);padding-bottom:var(--wp--preset--spacing--60);padding-left:var(--wp--preset--spacing--60)\">\n<div class=\"wp-block-group alignwide is-layout-flow wp-block-group-is-layout-flow\">\n<div style=\"height:var(--wp--preset--spacing--50)\" aria-hidden=\"true\" class=\"wp-block-spacer\"><\/div>\n\n\n\n<p class=\"has-text-align-center has-x-large-font-size\" style=\"font-style:normal;font-weight:400;line-height:1.2\">Dank unserer langj\u00e4hrigen Erfahrung und unseres Engagements f\u00fcr h\u00f6chste Qualit\u00e4t k\u00f6nnen wir Ihnen Produkte anbieten, die durch ihre Langlebigkeit und Zuverl\u00e4ssigkeit \u00fcberzeugen.<\/p>\n\n\n\n<div style=\"height:var(--wp--preset--spacing--50)\" aria-hidden=\"true\" class=\"wp-block-spacer\"><\/div>\n<\/div>\n<\/div>\n\n<div class=\"wp-block-group alignfull has-accent-4-background-color has-background has-global-padding is-layout-constrained wp-container-core-group-is-layout-669513ed wp-block-group-is-layout-constrained\" style=\"margin-top:0;margin-bottom:0;padding-top:var(--wp--preset--spacing--50);padding-right:var(--wp--preset--spacing--50);padding-bottom:var(--wp--preset--spacing--50);padding-left:var(--wp--preset--spacing--50)\">\n<div class=\"wp-block-group is-vertical is-content-justification-center is-layout-flex wp-container-core-group-is-layout-52b864f0 wp-block-group-is-layout-flex\">\n<h2 class=\"wp-block-heading has-text-align-center is-style-asterisk\">Weitere Produkte<\/h2>\n\n\n\n<div style=\"height:0px\" aria-hidden=\"true\" class=\"wp-block-spacer wp-container-content-4f2ccadb\"><\/div>\n\n\n\n<p class=\"has-text-align-center\">Dar\u00fcber hinaus bieten wir Ihnen eine grosse Auswahl an weiteren hochwertigen Artikeln, die speziell auf die Bed\u00fcrfnisse des Hotelgewerbes zugeschnitten sind. Entdecken Sie unser vielf\u00e4ltiges Sortiment und profitieren Sie von unserer langj\u00e4hrigen Erfahrung und unserem hohen Qualit\u00e4tsanspruch. <\/p>\n<\/div>\n\n\n\n<div style=\"margin-top:0;margin-bottom:0;height:var(--wp--preset--spacing--40)\" aria-hidden=\"true\" class=\"wp-block-spacer\"><\/div>\n\n\n\n<div class=\"wp-block-columns alignwide is-layout-flex wp-container-core-columns-is-layout-d0bbbce0 wp-block-columns-is-layout-flex\">\n<div class=\"wp-block-column is-layout-flow wp-container-core-column-is-layout-e3d1c41b wp-block-column-is-layout-flow\">\n<h3 class=\"wp-block-heading has-text-align-center is-style-asterisk has-heading-font-family has-medium-font-size\" style=\"font-style:normal;font-weight:600\">Aufkleber<\/h3>\n\n\n\n<p class=\"has-text-align-left\">Unsere Aufkleber sind die perfekte L\u00f6sung f\u00fcr alle Informations- und Werbemassnahmen in Ihrem Hotel.<\/p>\n<\/div>\n\n\n\n<div class=\"wp-block-column is-layout-flow wp-container-core-column-is-layout-e3d1c41b wp-block-column-is-layout-flow\">\n<h3 class=\"wp-block-heading has-text-align-center is-style-asterisk has-heading-font-family has-medium-font-size\" style=\"font-style:normal;font-weight:600\">Sanit\u00e4re Einrichtungen  <\/h3>\n\n\n\n<p class=\"has-text-align-left\">Wir importieren und liefern hochwertige Sanit\u00e4rausstattung aus grossen Hotelserien, die sich durch eine hervorragende Verarbeitung und eine lange Lebensdauer auszeichnet. <\/p>\n<\/div>\n\n\n\n<div class=\"wp-block-column is-layout-flow wp-container-core-column-is-layout-e3d1c41b wp-block-column-is-layout-flow\">\n<h3 class=\"wp-block-heading has-text-align-center is-style-asterisk has-heading-font-family has-medium-font-size\" style=\"font-style:normal;font-weight:600\">Leuchten<\/h3>\n\n\n\n<p class=\"has-text-align-left\">Unsere Leuchten kombinieren modernes Design mit aussergew\u00f6hnlicher Qualit\u00e4t und Haltbarkeit.<\/p>\n<\/div>\n<\/div>\n\n\n\n<div style=\"height:var(--wp--preset--spacing--20)\" aria-hidden=\"true\" class=\"wp-block-spacer\"><\/div>\n\n\n\n<div class=\"wp-block-columns alignwide is-layout-flex wp-container-core-columns-is-layout-d0bbbce0 wp-block-columns-is-layout-flex\">\n<div class=\"wp-block-column is-layout-flow wp-container-core-column-is-layout-e3d1c41b wp-block-column-is-layout-flow\">\n<h3 class=\"wp-block-heading has-text-align-center is-style-asterisk has-heading-font-family has-medium-font-size\" style=\"font-style:normal;font-weight:600\">Spezifische Informatik<\/h3>\n\n\n\n<p class=\"has-text-align-left\">Unsere spezielle Computertechnologie ist perfekt auf die Bed\u00fcrfnisse des Hotelsektors abgestimmt.\nWir bieten robuste und zuverl\u00e4ssige L\u00f6sungen, die den hohen Anforderungen des t\u00e4glichen Betriebs standhalten.\nMit unserer langj\u00e4hrigen Erfahrung helfen wir Ihnen, Ihre IT-Infrastruktur optimal zu gestalten und zu betreiben.  <\/p>\n<\/div>\n\n\n\n<div class=\"wp-block-column is-layout-flow wp-container-core-column-is-layout-e3d1c41b wp-block-column-is-layout-flow\">\n<h3 class=\"wp-block-heading has-text-align-center is-style-asterisk has-heading-font-family has-medium-font-size\" style=\"font-style:normal;font-weight:600\">Uniformen und technische Kleidung<\/h3>\n\n\n\n<p class=\"has-text-align-left\">Unsere Uniformen und technische Kleidung sind funktionell, langlebig und komfortabel.\nSie wurden speziell f\u00fcr die Herausforderungen des Hotelgewerbes entwickelt und halten intensiven Belastungen stand.\nDurch unsere langj\u00e4hrige Erfahrung in der Branche wissen wir, wie wichtig es ist, dass sich Ihre Mitarbeiter in ihrer Kleidung wohlf\u00fchlen und gleichzeitig professionell aussehen.  <\/p>\n<\/div>\n<\/div>\n<\/div>\n","protected":false},"excerpt":{"rendered":"<p>Hotelbedarf (Regenschirme, Kleiderb\u00fcgel, W\u00e4sches\u00e4cke&#8230;) Saplac SA bietet seine Dienstleistungen zahlreichen Hotelbetreibern vor allem in der Schweiz an. Von der Suche nach spezifischen Produkten bis hin zur Projekt\u00fcberwachung stehen wir den Hoteliers zur Verf\u00fcgung. Entdecken Sie unser umfangreiches Sortiment an Hotelbedarf, das speziell auf die Bed\u00fcrfnisse Ihrer G\u00e4ste zugeschnitten ist. Unsere Regenschirme, Kleiderb\u00fcgel und W\u00e4sches\u00e4cke bestechen [&hellip;]<\/p>\n","protected":false},"author":1,"featured_media":0,"parent":0,"menu_order":0,"comment_status":"closed","ping_status":"closed","template":"","meta":{"_seopress_robots_primary_cat":"","_seopress_titles_title":"Hochwertige Hotellieferungen f\u00fcr einen langen Zeitraum","_seopress_titles_desc":"Entdecken Sie unser breites Angebot an langlebigem Hotelbedarf: Regenschirme, Kleiderb\u00fcgel, W\u00e4sches\u00e4cke, Safes und mehr.\nQualit\u00e4t und Zuverl\u00e4ssigkeit sind garantiert. ","_seopress_robots_index":"","_seopress_analysis_target_kw":"","footnotes":""},"class_list":["post-161","page","type-page","status-publish","hentry"],"_links":{"self":[{"href":"https:\/\/saplac.ch\/de\/wp-json\/wp\/v2\/pages\/161","targetHints":{"allow":["GET"]}}],"collection":[{"href":"https:\/\/saplac.ch\/de\/wp-json\/wp\/v2\/pages"}],"about":[{"href":"https:\/\/saplac.ch\/de\/wp-json\/wp\/v2\/types\/page"}],"author":[{"embeddable":true,"href":"https:\/\/saplac.ch\/de\/wp-json\/wp\/v2\/users\/1"}],"replies":[{"embeddable":true,"href":"https:\/\/saplac.ch\/de\/wp-json\/wp\/v2\/comments?post=161"}],"version-history":[{"count":4,"href":"https:\/\/saplac.ch\/de\/wp-json\/wp\/v2\/pages\/161\/revisions"}],"predecessor-version":[{"id":191,"href":"https:\/\/saplac.ch\/de\/wp-json\/wp\/v2\/pages\/161\/revisions\/191"}],"wp:attachment":[{"href":"https:\/\/saplac.ch\/de\/wp-json\/wp\/v2\/media?parent=161"}],"curies":[{"name":"wp","href":"https:\/\/api.w.org\/{rel}","templated":true}]}}