{"id":162,"date":"2024-07-31T10:04:46","date_gmt":"2024-07-31T08:04:46","guid":{"rendered":"https:\/\/saplac.clients-compresso.ch\/kontakt\/"},"modified":"2025-01-15T08:50:05","modified_gmt":"2025-01-15T07:50:05","slug":"kontakt","status":"publish","type":"page","link":"https:\/\/saplac.ch\/de\/kontakt\/","title":{"rendered":"Kontakt"},"content":{"rendered":"\n<div class=\"wp-block-group alignfull has-base-2-color has-accent-2-background-color has-text-color has-background has-link-color wp-elements-66ae7b5525fc7b3c617be2b16c63169a has-global-padding is-layout-constrained wp-container-core-group-is-layout-669513ed wp-block-group-is-layout-constrained\" style=\"margin-top:0;margin-bottom:0;padding-top:var(--wp--preset--spacing--50);padding-right:var(--wp--preset--spacing--50);padding-bottom:var(--wp--preset--spacing--50);padding-left:var(--wp--preset--spacing--50)\">\n<div class=\"wp-block-group is-vertical is-content-justification-center is-layout-flex wp-container-core-group-is-layout-ce155fab wp-block-group-is-layout-flex\">\n<h2 class=\"wp-block-heading has-text-align-center has-base-2-color has-text-color has-link-color has-xx-large-font-size wp-elements-e8e4299de9efb849975709962d67990b\">Lernen Sie unser Team kennen<\/h2>\n<\/div>\n\n\n\n<div style=\"height:40px\" aria-hidden=\"true\" class=\"wp-block-spacer\"><\/div>\n\n\n\n<p class=\"has-text-align-center\">Saplac SA<br>23 Bd James-Fazy<br>1201 Genf<br>CH-660.0.093.930-0<\/p>\n\n\n\n<p class=\"has-text-align-center\">UBS Lausanne, CH09 0024 3243 G054 2883 0<br>ZAZ-Konto Nr. (Saplac SA) 23676-8<\/p>\n\n\n\n<div style=\"height:var(--wp--preset--spacing--30)\" aria-hidden=\"true\" class=\"wp-block-spacer\"><\/div>\n\n\n\n<div class=\"wp-block-columns is-layout-flex wp-container-core-columns-is-layout-4935966c wp-block-columns-is-layout-flex\" style=\"padding-right:0;padding-left:0\">\n<div class=\"wp-block-column is-layout-flow wp-block-column-is-layout-flow\">\n<div class=\"wp-block-group is-vertical is-content-justification-center is-nowrap is-layout-flex wp-container-core-group-is-layout-21d4e958 wp-block-group-is-layout-flex\">\n<p class=\"has-text-align-center has-small-font-size\"><strong>Marc Fassbind<\/strong><\/p>\n\n\n\n<p class=\"has-text-align-center has-small-font-size\"><a href=\"tel:%2012%\" data-type=\"tel\" data-id=\"tel:\">+41 22 716 12 34<\/a><br>Technik, Sanit\u00e4r, Elektronik<a href=\"mailto:marc.fassbind@saplac.ch\">&#8230;<\/a><br><a href=\"mailto:marc.fassbind@saplac.ch\">marc.fassbind@saplac.ch<\/a><\/p>\n<\/div>\n<\/div>\n\n\n\n<div class=\"wp-block-column is-layout-flow wp-block-column-is-layout-flow\">\n<div class=\"wp-block-group is-vertical is-content-justification-center is-nowrap is-layout-flex wp-container-core-group-is-layout-63bfd6c1 wp-block-group-is-layout-flex\">\n<p class=\"has-text-align-center has-small-font-size\"><strong>Claudia Fassbind<\/strong><\/p>\n\n\n\n<p class=\"has-text-align-center has-small-font-size\"><a href=\"tel:+41227161224\" data-type=\"tel\" data-id=\"tel:\">+41 22 716 12 24<\/a><br>Verschiedene Bodenbel\u00e4ge, Bettw\u00e4sche, Lingerie&#8230;<br><a href=\"mailto:claudia.fassbind@saplac.ch\">claudia.fassbind@saplac.ch<\/a><\/p>\n<\/div>\n<\/div>\n<\/div>\n<\/div>\n\n\n\n<div class=\"wp-block-group alignfull is-layout-flow wp-block-group-is-layout-flow\" style=\"margin-top:0px\">\t\t<div\n            id=\"wpmapblock_57eaa278\"\n            data-settings='{&quot;map_marker&quot;:[{&quot;id&quot;:&quot;0&quot;,&quot;lat&quot;:&quot;46.209318&quot;,&quot;lng&quot;:&quot;6.1391377&quot;,&quot;title&quot;:&quot;Saplac SA&quot;,&quot;content&quot;:&quot;23 Bd James Fazy 1201 Gen\\u00e8ve (+41) 022 716 12 34&quot;,&quot;iconType&quot;:&quot;default&quot;,&quot;customIconUrl&quot;:&quot;&quot;,&quot;customIconWidth&quot;:&quot;25&quot;,&quot;customIconHeight&quot;:&quot;40&quot;}],&quot;map_zoom&quot;:&quot;16&quot;,&quot;scroll_wheel_zoom&quot;:&quot;1&quot;,&quot;map_type&quot;:&quot;GM&quot;,&quot;center_index&quot;:0}'\n            class=\"wpmapblockrender\"\n            style=\"\n\t\t\twidth: 100%;\n\t\t\theight: 400px;\n\t\t\"\n            >\n        <\/div>\n        <\/div>\n","protected":false},"excerpt":{"rendered":"<p>Lernen Sie unser Team kennen Saplac SA23 Bd James-Fazy1201 GenfCH-660.0.093.930-0 UBS Lausanne, CH09 0024 3243 G054 2883 0ZAZ-Konto Nr. (Saplac SA) 23676-8 Marc Fassbind +41 22 716 12 34Technik, Sanit\u00e4r, Elektronik&#8230;marc.fassbind@saplac.ch Claudia Fassbind +41 22 716 12 24Verschiedene Bodenbel\u00e4ge, Bettw\u00e4sche, Lingerie&#8230;claudia.fassbind@saplac.ch<\/p>\n","protected":false},"author":1,"featured_media":0,"parent":0,"menu_order":0,"comment_status":"closed","ping_status":"closed","template":"","meta":{"_seopress_robots_primary_cat":"","_seopress_titles_title":"Treffen Sie unser Saplac SA-Team in Genf","_seopress_titles_desc":"Entdecken Sie die Experten von Saplac SA: Technik, Sanit\u00e4r, Elektronik, Beschichtungen und mehr.\r\nKontaktieren Sie uns in Genf f\u00fcr alle Ihre Bed\u00fcrfnisse.","_seopress_robots_index":"","_seopress_analysis_target_kw":"","footnotes":""},"class_list":["post-162","page","type-page","status-publish","hentry"],"_links":{"self":[{"href":"https:\/\/saplac.ch\/de\/wp-json\/wp\/v2\/pages\/162","targetHints":{"allow":["GET"]}}],"collection":[{"href":"https:\/\/saplac.ch\/de\/wp-json\/wp\/v2\/pages"}],"about":[{"href":"https:\/\/saplac.ch\/de\/wp-json\/wp\/v2\/types\/page"}],"author":[{"embeddable":true,"href":"https:\/\/saplac.ch\/de\/wp-json\/wp\/v2\/users\/1"}],"replies":[{"embeddable":true,"href":"https:\/\/saplac.ch\/de\/wp-json\/wp\/v2\/comments?post=162"}],"version-history":[{"count":5,"href":"https:\/\/saplac.ch\/de\/wp-json\/wp\/v2\/pages\/162\/revisions"}],"predecessor-version":[{"id":206,"href":"https:\/\/saplac.ch\/de\/wp-json\/wp\/v2\/pages\/162\/revisions\/206"}],"wp:attachment":[{"href":"https:\/\/saplac.ch\/de\/wp-json\/wp\/v2\/media?parent=162"}],"curies":[{"name":"wp","href":"https:\/\/api.w.org\/{rel}","templated":true}]}}